{"id":1051,"date":"2021-06-11T03:42:54","date_gmt":"2021-06-11T03:42:54","guid":{"rendered":"https:\/\/demo2wpopal.b-cdn.net\/umimo\/?page_id=1051"},"modified":"2023-03-31T11:10:55","modified_gmt":"2023-03-31T11:10:55","slug":"sobre-nos","status":"publish","type":"page","link":"https:\/\/mosaicomsa.com\/en\/sobre-nos\/","title":{"rendered":"ABOUT US"},"content":{"rendered":"<div data-elementor-type=\"wp-page\" data-elementor-id=\"1051\" class=\"elementor elementor-1051\">\n\t\t\t\t\t\t<div class=\"elementor-section elementor-top-section elementor-element elementor-element-f1b1aab elementor-section-stretched elementor-section-boxed elementor-section-height-default elementor-section-height-default\" data-id=\"f1b1aab\" data-element_type=\"section\" data-e-type=\"section\" data-settings=\"{&quot;stretch_section&quot;:&quot;section-stretched&quot;,&quot;background_background&quot;:&quot;classic&quot;}\">\n\t\t\t\t\t\t<div class=\"elementor-container elementor-column-gap-no\">\n\t\t\t\t\t<div class=\"elementor-column elementor-col-100 elementor-top-column elementor-element elementor-element-158bff9\" data-id=\"158bff9\" data-element_type=\"column\" data-e-type=\"column\">\n\t\t\t<div class=\"elementor-widget-wrap elementor-element-populated\">\n\t\t\t\t\t\t<div class=\"elementor-element elementor-element-7df235a elementor-widget elementor-widget-text-editor\" data-id=\"7df235a\" data-element_type=\"widget\" data-e-type=\"widget\" data-widget_type=\"text-editor.default\">\n\t\t\t\t<div class=\"elementor-widget-container\">\n\t\t\t\t\t\t\t\t\t<p><strong><span style=\"font-size: medium;\"><span style=\"color: #dd6f37;\"><span style=\"font-family: Arial, sans-serif;\">Mosaico de Sorrisos Unipessoal Lda. <\/span><\/span><\/span><\/strong>It is a company specialized in the sale of hardware and accessories for the manufacture of quality furniture. The company has a wide variety of items ranging from traditional to contemporary and innovative. We guarantee the quality of our products and excellence in the service provided to customers.<\/p>\t\t\t\t\t\t\t\t<\/div>\n\t\t\t\t<\/div>\n\t\t\t\t<div class=\"elementor-element elementor-element-c193085 elementor-widget elementor-widget-spacer\" data-id=\"c193085\" data-element_type=\"widget\" data-e-type=\"widget\" data-widget_type=\"spacer.default\">\n\t\t\t\t<div class=\"elementor-widget-container\">\n\t\t\t\t\t\t\t<div class=\"elementor-spacer\">\n\t\t\t<div class=\"elementor-spacer-inner\"><\/div>\n\t\t<\/div>\n\t\t\t\t\t\t<\/div>\n\t\t\t\t<\/div>\n\t\t\t\t<div class=\"elementor-element elementor-element-19ec1a2 elementor-widget elementor-widget-heading\" data-id=\"19ec1a2\" data-element_type=\"widget\" data-e-type=\"widget\" data-widget_type=\"heading.default\">\n\t\t\t\t<div class=\"elementor-widget-container\">\n\t\t\t\t\t<h2 class=\"elementor-heading-title elementor-size-default\">MISSION<\/h2>\t\t\t\t<\/div>\n\t\t\t\t<\/div>\n\t\t\t\t<div class=\"elementor-element elementor-element-a4c6a0f elementor-widget elementor-widget-text-editor\" data-id=\"a4c6a0f\" data-element_type=\"widget\" data-e-type=\"widget\" data-widget_type=\"text-editor.default\">\n\t\t\t\t<div class=\"elementor-widget-container\">\n\t\t\t\t\t\t\t\t\t<p>Guarantee material resources, maintaining the traditional without forgetting the current and avant-garde. Presenting an excellent service to customers and partners in a relationship of trust, which distinguishes and symbolizes us.<\/p>\t\t\t\t\t\t\t\t<\/div>\n\t\t\t\t<\/div>\n\t\t\t\t<div class=\"elementor-element elementor-element-3cf3dd8 elementor-widget elementor-widget-spacer\" data-id=\"3cf3dd8\" data-element_type=\"widget\" data-e-type=\"widget\" data-widget_type=\"spacer.default\">\n\t\t\t\t<div class=\"elementor-widget-container\">\n\t\t\t\t\t\t\t<div class=\"elementor-spacer\">\n\t\t\t<div class=\"elementor-spacer-inner\"><\/div>\n\t\t<\/div>\n\t\t\t\t\t\t<\/div>\n\t\t\t\t<\/div>\n\t\t\t\t<div class=\"elementor-element elementor-element-5fec18e elementor-widget elementor-widget-heading\" data-id=\"5fec18e\" data-element_type=\"widget\" data-e-type=\"widget\" data-widget_type=\"heading.default\">\n\t\t\t\t<div class=\"elementor-widget-container\">\n\t\t\t\t\t<h2 class=\"elementor-heading-title elementor-size-default\">VISION<\/h2>\t\t\t\t<\/div>\n\t\t\t\t<\/div>\n\t\t\t\t<div class=\"elementor-element elementor-element-402ec74 elementor-widget elementor-widget-text-editor\" data-id=\"402ec74\" data-element_type=\"widget\" data-e-type=\"widget\" data-widget_type=\"text-editor.default\">\n\t\t\t\t<div class=\"elementor-widget-container\">\n\t\t\t\t\t\t\t\t\t<p>To be a reference in the sector, recognized for our service and quality articles, always customer-oriented, with a solidary and progressive team spirit.<\/p>\t\t\t\t\t\t\t\t<\/div>\n\t\t\t\t<\/div>\n\t\t\t\t<div class=\"elementor-element elementor-element-cb5ddae elementor-widget elementor-widget-spacer\" data-id=\"cb5ddae\" data-element_type=\"widget\" data-e-type=\"widget\" data-widget_type=\"spacer.default\">\n\t\t\t\t<div class=\"elementor-widget-container\">\n\t\t\t\t\t\t\t<div class=\"elementor-spacer\">\n\t\t\t<div class=\"elementor-spacer-inner\"><\/div>\n\t\t<\/div>\n\t\t\t\t\t\t<\/div>\n\t\t\t\t<\/div>\n\t\t\t\t<div class=\"elementor-element elementor-element-3eb58fe elementor-widget elementor-widget-heading\" data-id=\"3eb58fe\" data-element_type=\"widget\" data-e-type=\"widget\" data-widget_type=\"heading.default\">\n\t\t\t\t<div class=\"elementor-widget-container\">\n\t\t\t\t\t<h2 class=\"elementor-heading-title elementor-size-default\">VALUES<\/h2>\t\t\t\t<\/div>\n\t\t\t\t<\/div>\n\t\t\t\t<div class=\"elementor-element elementor-element-69803c0 elementor-widget elementor-widget-text-editor\" data-id=\"69803c0\" data-element_type=\"widget\" data-e-type=\"widget\" data-widget_type=\"text-editor.default\">\n\t\t\t\t<div class=\"elementor-widget-container\">\n\t\t\t\t\t\t\t\t\t<p>Professionalism. Responsibility. Trust.<\/p>\t\t\t\t\t\t\t\t<\/div>\n\t\t\t\t<\/div>\n\t\t\t\t<div class=\"elementor-element elementor-element-10c2a34 elementor-absolute e-transform e-transform elementor-widget elementor-widget-image\" data-id=\"10c2a34\" data-element_type=\"widget\" data-e-type=\"widget\" data-settings=\"{&quot;_position&quot;:&quot;absolute&quot;,&quot;_transform_translateX_effect&quot;:{&quot;unit&quot;:&quot;px&quot;,&quot;size&quot;:-13,&quot;sizes&quot;:[]},&quot;_transform_translateY_effect&quot;:{&quot;unit&quot;:&quot;px&quot;,&quot;size&quot;:-63,&quot;sizes&quot;:[]},&quot;_transform_scale_effect_mobile&quot;:{&quot;unit&quot;:&quot;px&quot;,&quot;size&quot;:2,&quot;sizes&quot;:[]},&quot;_transform_translateX_effect_tablet&quot;:{&quot;unit&quot;:&quot;px&quot;,&quot;size&quot;:&quot;&quot;,&quot;sizes&quot;:[]},&quot;_transform_translateX_effect_mobile&quot;:{&quot;unit&quot;:&quot;px&quot;,&quot;size&quot;:&quot;&quot;,&quot;sizes&quot;:[]},&quot;_transform_translateY_effect_tablet&quot;:{&quot;unit&quot;:&quot;px&quot;,&quot;size&quot;:&quot;&quot;,&quot;sizes&quot;:[]},&quot;_transform_translateY_effect_mobile&quot;:{&quot;unit&quot;:&quot;px&quot;,&quot;size&quot;:&quot;&quot;,&quot;sizes&quot;:[]},&quot;_transform_scale_effect&quot;:{&quot;unit&quot;:&quot;px&quot;,&quot;size&quot;:&quot;&quot;,&quot;sizes&quot;:[]},&quot;_transform_scale_effect_tablet&quot;:{&quot;unit&quot;:&quot;px&quot;,&quot;size&quot;:&quot;&quot;,&quot;sizes&quot;:[]}}\" data-widget_type=\"image.default\">\n\t\t\t\t<div class=\"elementor-widget-container\">\n\t\t\t\t\t\t\t\t\t\t\t\t\t\t\t<img fetchpriority=\"high\" decoding=\"async\" width=\"1600\" height=\"1131\" src=\"https:\/\/i0.wp.com\/mosaicomsa.com\/wp-content\/uploads\/2022\/09\/LOGO_MOSAICO_SFUNDO.png?fit=1600%2C1131&amp;ssl=1\" class=\"attachment-full size-full wp-image-7632\" alt=\"\" srcset=\"https:\/\/i0.wp.com\/mosaicomsa.com\/wp-content\/uploads\/2022\/09\/LOGO_MOSAICO_SFUNDO.png?w=1600&amp;ssl=1 1600w, https:\/\/i0.wp.com\/mosaicomsa.com\/wp-content\/uploads\/2022\/09\/LOGO_MOSAICO_SFUNDO.png?resize=300%2C212&amp;ssl=1 300w, https:\/\/i0.wp.com\/mosaicomsa.com\/wp-content\/uploads\/2022\/09\/LOGO_MOSAICO_SFUNDO.png?resize=1024%2C724&amp;ssl=1 1024w, https:\/\/i0.wp.com\/mosaicomsa.com\/wp-content\/uploads\/2022\/09\/LOGO_MOSAICO_SFUNDO.png?resize=768%2C543&amp;ssl=1 768w, https:\/\/i0.wp.com\/mosaicomsa.com\/wp-content\/uploads\/2022\/09\/LOGO_MOSAICO_SFUNDO.png?resize=1536%2C1085&amp;ssl=1 1536w, https:\/\/i0.wp.com\/mosaicomsa.com\/wp-content\/uploads\/2022\/09\/LOGO_MOSAICO_SFUNDO.png?resize=2048%2C1447&amp;ssl=1 2048w, https:\/\/i0.wp.com\/mosaicomsa.com\/wp-content\/uploads\/2022\/09\/LOGO_MOSAICO_SFUNDO.png?resize=820%2C580&amp;ssl=1 820w, https:\/\/i0.wp.com\/mosaicomsa.com\/wp-content\/uploads\/2022\/09\/LOGO_MOSAICO_SFUNDO.png?resize=630%2C445&amp;ssl=1 630w, https:\/\/i0.wp.com\/mosaicomsa.com\/wp-content\/uploads\/2022\/09\/LOGO_MOSAICO_SFUNDO.png?resize=600%2C424&amp;ssl=1 600w\" sizes=\"(max-width: 980px) 100vw, 980px\" \/>\t\t\t\t\t\t\t\t\t\t\t\t\t\t\t<\/div>\n\t\t\t\t<\/div>\n\t\t\t\t<div class=\"elementor-section elementor-inner-section elementor-element elementor-element-356de30 elementor-section-content-bottom elementor-section-boxed elementor-section-height-default elementor-section-height-default\" data-id=\"356de30\" data-element_type=\"section\" data-e-type=\"section\">\n\t\t\t\t\t\t<div class=\"elementor-container elementor-column-gap-no\">\n\t\t\t\t\t<div class=\"elementor-column elementor-col-50 elementor-inner-column elementor-element elementor-element-94d6ba5\" data-id=\"94d6ba5\" data-element_type=\"column\" data-e-type=\"column\">\n\t\t\t<div class=\"elementor-widget-wrap elementor-element-populated\">\n\t\t\t\t\t\t\t<\/div>\n\t\t<\/div>\n\t\t\t\t<div class=\"elementor-column elementor-col-50 elementor-inner-column elementor-element elementor-element-b9c7fd4\" data-id=\"b9c7fd4\" data-element_type=\"column\" data-e-type=\"column\">\n\t\t\t<div class=\"elementor-widget-wrap\">\n\t\t\t\t\t\t\t<\/div>\n\t\t<\/div>\n\t\t\t\t\t<\/div>\n\t\t<\/div>\n\t\t\t\t\t<\/div>\n\t\t<\/div>\n\t\t\t\t\t<\/div>\n\t\t<\/div>\n\t\t\t\t<div class=\"elementor-section elementor-top-section elementor-element elementor-element-5cd442f elementor-section-stretched elementor-section-boxed elementor-section-height-default elementor-section-height-default\" data-id=\"5cd442f\" data-element_type=\"section\" data-e-type=\"section\" data-settings=\"{&quot;stretch_section&quot;:&quot;section-stretched&quot;}\">\n\t\t\t\t\t\t<div class=\"elementor-container elementor-column-gap-no\">\n\t\t\t\t\t<div class=\"elementor-column elementor-col-100 elementor-top-column elementor-element elementor-element-3a22f19\" data-id=\"3a22f19\" data-element_type=\"column\" data-e-type=\"column\">\n\t\t\t<div class=\"elementor-widget-wrap elementor-element-populated\">\n\t\t\t\t\t\t<div class=\"elementor-element elementor-element-41fb510 elementor-widget-divider--view-line elementor-widget elementor-widget-divider\" data-id=\"41fb510\" data-element_type=\"widget\" data-e-type=\"widget\" data-widget_type=\"divider.default\">\n\t\t\t\t<div class=\"elementor-widget-container\">\n\t\t\t\t\t\t\t<div class=\"elementor-divider\">\n\t\t\t<span class=\"elementor-divider-separator\">\n\t\t\t\t\t\t<\/span>\n\t\t<\/div>\n\t\t\t\t\t\t<\/div>\n\t\t\t\t<\/div>\n\t\t\t\t\t<\/div>\n\t\t<\/div>\n\t\t\t\t\t<\/div>\n\t\t<\/div>\n\t\t\t\t<\/div>","protected":false},"excerpt":{"rendered":"<p>Mosaico de Sorrisos Unipessoal Lda. \u00c9 uma empresa especializada na comercializa\u00e7\u00e3o de ferragens e acess\u00f3rios para o fabrico de m\u00f3veis de qualidade. A empresa conta com uma grande variedade de artigos que v\u00e3o desde o tradicional ao contempor\u00e2neo e inovador. Garantimos a qualidade dos nossos produtos e a excel\u00eancia no servi\u00e7o prestado aos clientes. MISS\u00c3O [&hellip;]<\/p>\n","protected":false},"author":1,"featured_media":0,"parent":0,"menu_order":0,"comment_status":"closed","ping_status":"closed","template":"elementor_header_footer","meta":{"nf_dc_page":"","inline_featured_image":false,"footnotes":""},"class_list":["post-1051","page","type-page","status-publish","hentry"],"_links":{"self":[{"href":"https:\/\/mosaicomsa.com\/en\/wp-json\/wp\/v2\/pages\/1051","targetHints":{"allow":["GET"]}}],"collection":[{"href":"https:\/\/mosaicomsa.com\/en\/wp-json\/wp\/v2\/pages"}],"about":[{"href":"https:\/\/mosaicomsa.com\/en\/wp-json\/wp\/v2\/types\/page"}],"author":[{"embeddable":true,"href":"https:\/\/mosaicomsa.com\/en\/wp-json\/wp\/v2\/users\/1"}],"replies":[{"embeddable":true,"href":"https:\/\/mosaicomsa.com\/en\/wp-json\/wp\/v2\/comments?post=1051"}],"version-history":[{"count":48,"href":"https:\/\/mosaicomsa.com\/en\/wp-json\/wp\/v2\/pages\/1051\/revisions"}],"predecessor-version":[{"id":22207,"href":"https:\/\/mosaicomsa.com\/en\/wp-json\/wp\/v2\/pages\/1051\/revisions\/22207"}],"wp:attachment":[{"href":"https:\/\/mosaicomsa.com\/en\/wp-json\/wp\/v2\/media?parent=1051"}],"curies":[{"name":"wp","href":"https:\/\/api.w.org\/{rel}","templated":true}]}}