{"id":21410,"date":"2023-03-14T14:56:48","date_gmt":"2023-03-14T14:56:48","guid":{"rendered":"https:\/\/mosaicomsa.com\/?page_id=21410"},"modified":"2023-03-29T16:25:36","modified_gmt":"2023-03-29T16:25:36","slug":"politica-de-privacidade","status":"publish","type":"page","link":"https:\/\/mosaicomsa.com\/en\/politica-de-privacidade\/","title":{"rendered":"Privacy Policy"},"content":{"rendered":"<div data-elementor-type=\"wp-page\" data-elementor-id=\"21410\" class=\"elementor elementor-21410\">\n\t\t\t\t\t\t<section class=\"elementor-section elementor-top-section elementor-element elementor-element-53d116a3 elementor-section-boxed elementor-section-height-default elementor-section-height-default\" data-id=\"53d116a3\" data-element_type=\"section\" data-e-type=\"section\">\n\t\t\t\t\t\t<div class=\"elementor-container elementor-column-gap-default\">\n\t\t\t\t\t<div class=\"elementor-column elementor-col-100 elementor-top-column elementor-element elementor-element-293f577b\" data-id=\"293f577b\" data-element_type=\"column\" data-e-type=\"column\">\n\t\t\t<div class=\"elementor-widget-wrap elementor-element-populated\">\n\t\t\t\t\t\t<div class=\"elementor-element elementor-element-76f7ab6f elementor-widget elementor-widget-text-editor\" data-id=\"76f7ab6f\" data-element_type=\"widget\" data-e-type=\"widget\" data-widget_type=\"text-editor.default\">\n\t\t\t\t<div class=\"elementor-widget-container\">\n\t\t\t\t\t\t\t\t\t<p><\/p>\n<h2 class=\"wp-block-heading\">Who we are<\/h2>\n<p><\/p>\n<p>Our website address is: https:\/\/mosaicomsa.com.<\/p>\n<p><\/p>\n<h2 class=\"wp-block-heading\">Comments<\/h2>\n<p><\/p>\n<p><strong class=\"privacy-policy-tutorial\">&nbsp;<\/strong>When visitors leave comments on the site, the data present in the comments form, as well as the IP address and browser user agent, are saved to help with spam detection.<\/p>\n<p><\/p>\n<p>An anonymous string created from your email address (also called a hash) can be sent to the Gravatar service to verify that you are using it. The Gravatar service privacy policy is available here: https:\/\/automattic.com\/privacy\/. Once your comment is approved, your profile picture is visible to the public in the context of your comment.<\/p>\n<p><\/p>\n<h2 class=\"wp-block-heading\">multimedia<\/h2>\n<p><\/p>\n<p>When uploading images to the website, you should avoid uploading images with embedded geolocation data (EXIF GPS). Visitors can download and extract geolocation data from website images.<\/p>\n<p><\/p>\n<h2 class=\"wp-block-heading\">Cookies<\/h2>\n<p><\/p>\n<p>If you leave a comment on our site you can choose to save your name, email address and website in cookies. This is for your convenience so you don&#039;t have to fill in your details again when you leave another comment. These cookies will last for one year.<\/p>\n<p><\/p>\n<p>If you visit the login page, a temporary cookie will be set to determine whether your browser accepts cookies. This cookie does not contain personal data and will be deleted when you close your browser.<\/p>\n<p><\/p>\n<p>When logging in, some cookies will be set to save your session information and your screen display choices. Login cookies last for one year. If you select \u201cRemember me\u201d, your login will persist for two weeks. Upon logging out, login cookies will be removed.<\/p>\n<p><\/p>\n<p>If you edit or publish an article, an additional cookie will be saved in your browser. This cookie does not include personal data, it only indicates the content ID of the article you have just edited. Expires after 1 day.<\/p>\n<p><\/p>\n<h2 class=\"wp-block-heading\">Embedded content from other websites<\/h2>\n<p><\/p>\n<p>Articles on this site may include embedded content (eg videos, images, articles, etc.). Embedded content from other websites behaves as if the user were to visit those websites.<\/p>\n<p><\/p>\n<p>This site may collect data about you, use cookies, incorporate third-party tracking, monitor your interactions with it, including recording interactions with embedded content if you have an account and are logged in to that site.<\/p>\n<p><\/p>\n<h2 class=\"wp-block-heading\">With whom your data is shared<\/h2>\n<p><\/p>\n<p>If you request a password reset, your IP address will be included in the reset email.<\/p>\n<p><\/p>\n<h2 class=\"wp-block-heading\">How long your data is retained<\/h2>\n<p><\/p>\n<p>If you leave a comment, the comment and its metadata are saved indefinitely. This is so that any follow-up comments can be automatically recognized and approved, instead of putting them in a moderation queue.<\/p>\n<p><\/p>\n<p>For users who register on our website (if any), we store the personal information provided in your user profile. All users can view, edit, or delete their personal information at any time (with the exception of not being able to change their username). Site administrators can also view and edit this information.<\/p>\n<p><\/p>\n<h2 class=\"wp-block-heading\">What rights do you have over your data<\/h2>\n<p><\/p>\n<p>If you have an account on this site, or have left comments, you can request to receive an export file of the personal data held about you, including any personal data you have provided. You can also request that saved data be deleted. This does not include any personal data that you are required to keep for administrative, legal or security purposes.<\/p>\n<p><\/p>\n<h2 class=\"wp-block-heading\">Where your data is sent<\/h2>\n<p><\/p>\n<p><strong class=\"privacy-policy-tutorial\">&nbsp;<\/strong>Visitor comments can be checked through an automatic spam detection service.<\/p>\n<p><\/p>\t\t\t\t\t\t\t\t<\/div>\n\t\t\t\t<\/div>\n\t\t\t\t\t<\/div>\n\t\t<\/div>\n\t\t\t\t\t<\/div>\n\t\t<\/section>\n\t\t\t\t<\/div>","protected":false},"excerpt":{"rendered":"<p>Quem somos O endere\u00e7o do nosso site \u00e9: https:\/\/mosaicomsa.com. Coment\u00e1rios &nbsp;Quando os visitantes deixam coment\u00e1rios no site, s\u00e3o guardados os dados presentes no formul\u00e1rio dos coment\u00e1rios, bem como o endere\u00e7o de IP e o agente do utilizador do navegador, para ajudar com a detec\u00e7\u00e3o de spam. Uma string an\u00f3nima criada a partir do seu endere\u00e7o [&hellip;]<\/p>\n","protected":false},"author":1,"featured_media":0,"parent":0,"menu_order":0,"comment_status":"closed","ping_status":"closed","template":"","meta":{"nf_dc_page":"","inline_featured_image":false,"footnotes":""},"class_list":["post-21410","page","type-page","status-publish","hentry"],"_links":{"self":[{"href":"https:\/\/mosaicomsa.com\/en\/wp-json\/wp\/v2\/pages\/21410","targetHints":{"allow":["GET"]}}],"collection":[{"href":"https:\/\/mosaicomsa.com\/en\/wp-json\/wp\/v2\/pages"}],"about":[{"href":"https:\/\/mosaicomsa.com\/en\/wp-json\/wp\/v2\/types\/page"}],"author":[{"embeddable":true,"href":"https:\/\/mosaicomsa.com\/en\/wp-json\/wp\/v2\/users\/1"}],"replies":[{"embeddable":true,"href":"https:\/\/mosaicomsa.com\/en\/wp-json\/wp\/v2\/comments?post=21410"}],"version-history":[{"count":3,"href":"https:\/\/mosaicomsa.com\/en\/wp-json\/wp\/v2\/pages\/21410\/revisions"}],"predecessor-version":[{"id":21850,"href":"https:\/\/mosaicomsa.com\/en\/wp-json\/wp\/v2\/pages\/21410\/revisions\/21850"}],"wp:attachment":[{"href":"https:\/\/mosaicomsa.com\/en\/wp-json\/wp\/v2\/media?parent=21410"}],"curies":[{"name":"wp","href":"https:\/\/api.w.org\/{rel}","templated":true}]}}