{"id":16988,"date":"2022-09-23T11:33:08","date_gmt":"2022-09-23T11:33:08","guid":{"rendered":"https:\/\/mosaicomsa.com\/produtos\/interruptor-de-elevacao-sofa-eletrico-7590-mm\/"},"modified":"2022-09-23T11:33:08","modified_gmt":"2022-09-23T11:33:08","slug":"interruptor-de-elevacao-sofa-eletrico-7590-mm","status":"publish","type":"product","link":"https:\/\/mosaicomsa.com\/es\/producto\/interruptor-de-elevacao-sofa-eletrico-7590-mm\/","title":{"rendered":"INTERRUPTOR DE ELEVACI\u00d3N DE SOF\u00c1 EL\u00c9CTRICO, 75*90 MM"},"content":{"rendered":"<p>INTERRUPTOR DE ELEVACI\u00d3N DE SOF\u00c1 EL\u00c9CTRICO, 75*90 MM<\/p>","protected":false},"excerpt":{"rendered":"<p>INTERRUPTOR DE ELEVACI\u00d3N DE SOF\u00c1 EL\u00c9CTRICO, 75*90 MM<\/p>","protected":false},"featured_media":16022,"comment_status":"open","ping_status":"closed","template":"","meta":{"nf_dc_page":"","inline_featured_image":false},"product_cat":[129,130],"product_tag":[],"class_list":{"0":"post-16988","1":"product","2":"type-product","3":"status-publish","4":"has-post-thumbnail","6":"product_cat-acessorios","7":"product_cat-acessorios-multimedia","9":"first","10":"instock","11":"shipping-taxable","12":"product-type-simple"},"_links":{"self":[{"href":"https:\/\/mosaicomsa.com\/es\/wp-json\/wp\/v2\/product\/16988","targetHints":{"allow":["GET"]}}],"collection":[{"href":"https:\/\/mosaicomsa.com\/es\/wp-json\/wp\/v2\/product"}],"about":[{"href":"https:\/\/mosaicomsa.com\/es\/wp-json\/wp\/v2\/types\/product"}],"replies":[{"embeddable":true,"href":"https:\/\/mosaicomsa.com\/es\/wp-json\/wp\/v2\/comments?post=16988"}],"version-history":[{"count":0,"href":"https:\/\/mosaicomsa.com\/es\/wp-json\/wp\/v2\/product\/16988\/revisions"}],"wp:featuredmedia":[{"embeddable":true,"href":"https:\/\/mosaicomsa.com\/es\/wp-json\/wp\/v2\/media\/16022"}],"wp:attachment":[{"href":"https:\/\/mosaicomsa.com\/es\/wp-json\/wp\/v2\/media?parent=16988"}],"wp:term":[{"taxonomy":"product_cat","embeddable":true,"href":"https:\/\/mosaicomsa.com\/es\/wp-json\/wp\/v2\/product_cat?post=16988"},{"taxonomy":"product_tag","embeddable":true,"href":"https:\/\/mosaicomsa.com\/es\/wp-json\/wp\/v2\/product_tag?post=16988"}],"curies":[{"name":"wp","href":"https:\/\/api.w.org\/{rel}","templated":true}]}}