{"id":16990,"date":"2022-09-23T11:33:09","date_gmt":"2022-09-23T11:33:09","guid":{"rendered":"https:\/\/mosaicomsa.com\/produtos\/led-driver-connecting-line-100-w\/"},"modified":"2023-04-19T15:42:12","modified_gmt":"2023-04-19T15:42:12","slug":"led-driver-connecting-line-100-w","status":"publish","type":"product","link":"https:\/\/mosaicomsa.com\/es\/producto\/led-driver-connecting-line-100-w\/","title":{"rendered":"L\u00cdNEA DE CONEXI\u00d3N DE DRIVER LED, 100 W"},"content":{"rendered":"<p>L\u00cdNEA DE CONEXI\u00d3N DE DRIVER LED, 100 W<\/p>","protected":false},"excerpt":{"rendered":"<p>L\u00cdNEA DE CONEXI\u00d3N DE DRIVER LED, 100 W<\/p>","protected":false},"featured_media":19714,"comment_status":"open","ping_status":"closed","template":"","meta":{"nf_dc_page":"","inline_featured_image":false},"product_cat":[129,172],"product_tag":[],"class_list":{"0":"post-16990","1":"product","2":"type-product","3":"status-publish","4":"has-post-thumbnail","6":"product_cat-acessorios","7":"product_cat-sistema-de-iluminacao","9":"first","10":"instock","11":"shipping-taxable","12":"product-type-simple"},"_links":{"self":[{"href":"https:\/\/mosaicomsa.com\/es\/wp-json\/wp\/v2\/product\/16990","targetHints":{"allow":["GET"]}}],"collection":[{"href":"https:\/\/mosaicomsa.com\/es\/wp-json\/wp\/v2\/product"}],"about":[{"href":"https:\/\/mosaicomsa.com\/es\/wp-json\/wp\/v2\/types\/product"}],"replies":[{"embeddable":true,"href":"https:\/\/mosaicomsa.com\/es\/wp-json\/wp\/v2\/comments?post=16990"}],"version-history":[{"count":1,"href":"https:\/\/mosaicomsa.com\/es\/wp-json\/wp\/v2\/product\/16990\/revisions"}],"predecessor-version":[{"id":22622,"href":"https:\/\/mosaicomsa.com\/es\/wp-json\/wp\/v2\/product\/16990\/revisions\/22622"}],"wp:featuredmedia":[{"embeddable":true,"href":"https:\/\/mosaicomsa.com\/es\/wp-json\/wp\/v2\/media\/19714"}],"wp:attachment":[{"href":"https:\/\/mosaicomsa.com\/es\/wp-json\/wp\/v2\/media?parent=16990"}],"wp:term":[{"taxonomy":"product_cat","embeddable":true,"href":"https:\/\/mosaicomsa.com\/es\/wp-json\/wp\/v2\/product_cat?post=16990"},{"taxonomy":"product_tag","embeddable":true,"href":"https:\/\/mosaicomsa.com\/es\/wp-json\/wp\/v2\/product_tag?post=16990"}],"curies":[{"name":"wp","href":"https:\/\/api.w.org\/{rel}","templated":true}]}}