{"id":17082,"date":"2022-09-23T11:34:10","date_gmt":"2022-09-23T11:34:10","guid":{"rendered":"https:\/\/mosaicomsa.com\/produtos\/base-de-mesa-ferro-bronze-diametro-510-mm-altura-700-mm\/"},"modified":"2022-10-19T14:03:59","modified_gmt":"2022-10-19T14:03:59","slug":"base-de-mesa-ferro-bronze-diametro-510-mm-altura-700-mm","status":"publish","type":"product","link":"https:\/\/mosaicomsa.com\/es\/producto\/base-de-mesa-ferro-bronze-diametro-510-mm-altura-700-mm\/","title":{"rendered":"BASE DE MESA, HIERRO, LAT\u00d3N, DI\u00c1METRO 510 MM, ALTURA 700 MM"},"content":{"rendered":"<p>BASE DE MESA, HIERRO, LAT\u00d3N, DI\u00c1METRO 510 MM, ALTURA 700 MM<\/p>","protected":false},"excerpt":{"rendered":"<p>BASE DE MESA, HIERRO, LAT\u00d3N, DI\u00c1METRO 510 MM, ALTURA 700 MM<\/p>","protected":false},"featured_media":19093,"comment_status":"open","ping_status":"closed","template":"","meta":{"nf_dc_page":"","inline_featured_image":false},"product_cat":[129,135,138],"product_tag":[],"class_list":{"0":"post-17082","1":"product","2":"type-product","3":"status-publish","4":"has-post-thumbnail","6":"product_cat-acessorios","7":"product_cat-bases","8":"product_cat-bases-para-mesa","10":"first","11":"instock","12":"shipping-taxable","13":"product-type-simple"},"_links":{"self":[{"href":"https:\/\/mosaicomsa.com\/es\/wp-json\/wp\/v2\/product\/17082","targetHints":{"allow":["GET"]}}],"collection":[{"href":"https:\/\/mosaicomsa.com\/es\/wp-json\/wp\/v2\/product"}],"about":[{"href":"https:\/\/mosaicomsa.com\/es\/wp-json\/wp\/v2\/types\/product"}],"replies":[{"embeddable":true,"href":"https:\/\/mosaicomsa.com\/es\/wp-json\/wp\/v2\/comments?post=17082"}],"version-history":[{"count":0,"href":"https:\/\/mosaicomsa.com\/es\/wp-json\/wp\/v2\/product\/17082\/revisions"}],"wp:featuredmedia":[{"embeddable":true,"href":"https:\/\/mosaicomsa.com\/es\/wp-json\/wp\/v2\/media\/19093"}],"wp:attachment":[{"href":"https:\/\/mosaicomsa.com\/es\/wp-json\/wp\/v2\/media?parent=17082"}],"wp:term":[{"taxonomy":"product_cat","embeddable":true,"href":"https:\/\/mosaicomsa.com\/es\/wp-json\/wp\/v2\/product_cat?post=17082"},{"taxonomy":"product_tag","embeddable":true,"href":"https:\/\/mosaicomsa.com\/es\/wp-json\/wp\/v2\/product_tag?post=17082"}],"curies":[{"name":"wp","href":"https:\/\/api.w.org\/{rel}","templated":true}]}}