{"id":17372,"date":"2022-09-23T11:37:16","date_gmt":"2022-09-23T11:37:16","guid":{"rendered":"https:\/\/mosaicomsa.com\/produtos\/compasso-de-elevacao-com-amortecedor-para-porta-de-armario-20-cm\/"},"modified":"2023-02-17T11:00:31","modified_gmt":"2023-02-17T11:00:31","slug":"compasso-de-elevacao-com-amortecedor-para-porta-de-armario-20-cm","status":"publish","type":"product","link":"https:\/\/mosaicomsa.com\/es\/producto\/compasso-de-elevacao-com-amortecedor-para-porta-de-armario-20-cm\/","title":{"rendered":"BR\u00daJULA DE ELEVACI\u00d3N CON AMORTIGUADOR PARA PUERTA DE ARMARIO 20 CM"},"content":{"rendered":"<p>BR\u00daJULA DE ELEVACI\u00d3N CON AMORTIGUADOR PARA PUERTA DE ARMARIO 20 CM<\/p>","protected":false},"excerpt":{"rendered":"<p>BR\u00daJULA DE ELEVACI\u00d3N CON AMORTIGUADOR PARA PUERTA DE ARMARIO 20 CM<\/p>","protected":false},"featured_media":20994,"comment_status":"open","ping_status":"closed","template":"","meta":{"nf_dc_page":"","inline_featured_image":false},"product_cat":[131,153],"product_tag":[],"class_list":{"0":"post-17372","1":"product","2":"type-product","3":"status-publish","4":"has-post-thumbnail","6":"product_cat-ferragens","7":"product_cat-ferragens-diversos","9":"first","10":"instock","11":"shipping-taxable","12":"product-type-simple"},"_links":{"self":[{"href":"https:\/\/mosaicomsa.com\/es\/wp-json\/wp\/v2\/product\/17372","targetHints":{"allow":["GET"]}}],"collection":[{"href":"https:\/\/mosaicomsa.com\/es\/wp-json\/wp\/v2\/product"}],"about":[{"href":"https:\/\/mosaicomsa.com\/es\/wp-json\/wp\/v2\/types\/product"}],"replies":[{"embeddable":true,"href":"https:\/\/mosaicomsa.com\/es\/wp-json\/wp\/v2\/comments?post=17372"}],"version-history":[{"count":1,"href":"https:\/\/mosaicomsa.com\/es\/wp-json\/wp\/v2\/product\/17372\/revisions"}],"predecessor-version":[{"id":20995,"href":"https:\/\/mosaicomsa.com\/es\/wp-json\/wp\/v2\/product\/17372\/revisions\/20995"}],"wp:featuredmedia":[{"embeddable":true,"href":"https:\/\/mosaicomsa.com\/es\/wp-json\/wp\/v2\/media\/20994"}],"wp:attachment":[{"href":"https:\/\/mosaicomsa.com\/es\/wp-json\/wp\/v2\/media?parent=17372"}],"wp:term":[{"taxonomy":"product_cat","embeddable":true,"href":"https:\/\/mosaicomsa.com\/es\/wp-json\/wp\/v2\/product_cat?post=17372"},{"taxonomy":"product_tag","embeddable":true,"href":"https:\/\/mosaicomsa.com\/es\/wp-json\/wp\/v2\/product_tag?post=17372"}],"curies":[{"name":"wp","href":"https:\/\/api.w.org\/{rel}","templated":true}]}}