{"id":17373,"date":"2022-09-23T11:37:16","date_gmt":"2022-09-23T11:37:16","guid":{"rendered":"https:\/\/mosaicomsa.com\/produtos\/compasso-de-elevacao-com-amortecedor-para-porta-de-armario-26-67-cm\/"},"modified":"2023-02-17T11:01:45","modified_gmt":"2023-02-17T11:01:45","slug":"compasso-de-elevacao-com-amortecedor-para-porta-de-armario-26-67-cm","status":"publish","type":"product","link":"https:\/\/mosaicomsa.com\/es\/producto\/compasso-de-elevacao-com-amortecedor-para-porta-de-armario-26-67-cm\/","title":{"rendered":"COMP\u00c1S DE ELEVACI\u00d3N CON AMORTIGUADOR PARA PUERTA DE ARMARIO 26,67 CM"},"content":{"rendered":"<p>COMP\u00c1S DE ELEVACI\u00d3N CON AMORTIGUADOR PARA PUERTA DE ARMARIO 26,67 CM<\/p>","protected":false},"excerpt":{"rendered":"<p>COMP\u00c1S DE ELEVACI\u00d3N CON AMORTIGUADOR PARA PUERTA DE ARMARIO 26,67 CM<\/p>","protected":false},"featured_media":20996,"comment_status":"open","ping_status":"closed","template":"","meta":{"nf_dc_page":"","inline_featured_image":false},"product_cat":[131,153],"product_tag":[],"class_list":{"0":"post-17373","1":"product","2":"type-product","3":"status-publish","4":"has-post-thumbnail","6":"product_cat-ferragens","7":"product_cat-ferragens-diversos","9":"first","10":"instock","11":"shipping-taxable","12":"product-type-simple"},"_links":{"self":[{"href":"https:\/\/mosaicomsa.com\/es\/wp-json\/wp\/v2\/product\/17373","targetHints":{"allow":["GET"]}}],"collection":[{"href":"https:\/\/mosaicomsa.com\/es\/wp-json\/wp\/v2\/product"}],"about":[{"href":"https:\/\/mosaicomsa.com\/es\/wp-json\/wp\/v2\/types\/product"}],"replies":[{"embeddable":true,"href":"https:\/\/mosaicomsa.com\/es\/wp-json\/wp\/v2\/comments?post=17373"}],"version-history":[{"count":1,"href":"https:\/\/mosaicomsa.com\/es\/wp-json\/wp\/v2\/product\/17373\/revisions"}],"predecessor-version":[{"id":20997,"href":"https:\/\/mosaicomsa.com\/es\/wp-json\/wp\/v2\/product\/17373\/revisions\/20997"}],"wp:featuredmedia":[{"embeddable":true,"href":"https:\/\/mosaicomsa.com\/es\/wp-json\/wp\/v2\/media\/20996"}],"wp:attachment":[{"href":"https:\/\/mosaicomsa.com\/es\/wp-json\/wp\/v2\/media?parent=17373"}],"wp:term":[{"taxonomy":"product_cat","embeddable":true,"href":"https:\/\/mosaicomsa.com\/es\/wp-json\/wp\/v2\/product_cat?post=17373"},{"taxonomy":"product_tag","embeddable":true,"href":"https:\/\/mosaicomsa.com\/es\/wp-json\/wp\/v2\/product_tag?post=17373"}],"curies":[{"name":"wp","href":"https:\/\/api.w.org\/{rel}","templated":true}]}}