{"id":17770,"date":"2022-09-23T11:42:25","date_gmt":"2022-09-23T11:42:25","guid":{"rendered":"https:\/\/mosaicomsa.com\/produtos\/pe-movel-dourado-h-15-cm\/"},"modified":"2023-05-17T17:29:01","modified_gmt":"2023-05-17T17:29:01","slug":"pe-movel-dourado-h-15-cm","status":"publish","type":"product","link":"https:\/\/mosaicomsa.com\/es\/producto\/pe-movel-dourado-h-15-cm\/","title":{"rendered":"PIE, M\u00d3VIL, N\u00cdQUEL NEGRO, H-15 CM"},"content":{"rendered":"<p>PIE, M\u00d3VIL, N\u00cdQUEL NEGRO, H-15 CM<\/p>","protected":false},"excerpt":{"rendered":"<p>PIE, M\u00d3VIL, N\u00cdQUEL NEGRO, H-15 CM<\/p>","protected":false},"featured_media":15826,"comment_status":"open","ping_status":"closed","template":"","meta":{"nf_dc_page":"","inline_featured_image":false},"product_cat":[129,164],"product_tag":[],"class_list":{"0":"post-17770","1":"product","2":"type-product","3":"status-publish","4":"has-post-thumbnail","6":"product_cat-acessorios","7":"product_cat-patas-pes","9":"first","10":"instock","11":"shipping-taxable","12":"product-type-simple"},"_links":{"self":[{"href":"https:\/\/mosaicomsa.com\/es\/wp-json\/wp\/v2\/product\/17770","targetHints":{"allow":["GET"]}}],"collection":[{"href":"https:\/\/mosaicomsa.com\/es\/wp-json\/wp\/v2\/product"}],"about":[{"href":"https:\/\/mosaicomsa.com\/es\/wp-json\/wp\/v2\/types\/product"}],"replies":[{"embeddable":true,"href":"https:\/\/mosaicomsa.com\/es\/wp-json\/wp\/v2\/comments?post=17770"}],"version-history":[{"count":1,"href":"https:\/\/mosaicomsa.com\/es\/wp-json\/wp\/v2\/product\/17770\/revisions"}],"predecessor-version":[{"id":22933,"href":"https:\/\/mosaicomsa.com\/es\/wp-json\/wp\/v2\/product\/17770\/revisions\/22933"}],"wp:featuredmedia":[{"embeddable":true,"href":"https:\/\/mosaicomsa.com\/es\/wp-json\/wp\/v2\/media\/15826"}],"wp:attachment":[{"href":"https:\/\/mosaicomsa.com\/es\/wp-json\/wp\/v2\/media?parent=17770"}],"wp:term":[{"taxonomy":"product_cat","embeddable":true,"href":"https:\/\/mosaicomsa.com\/es\/wp-json\/wp\/v2\/product_cat?post=17770"},{"taxonomy":"product_tag","embeddable":true,"href":"https:\/\/mosaicomsa.com\/es\/wp-json\/wp\/v2\/product_tag?post=17770"}],"curies":[{"name":"wp","href":"https:\/\/api.w.org\/{rel}","templated":true}]}}