{"id":17897,"date":"2022-09-23T11:44:02","date_gmt":"2022-09-23T11:44:02","guid":{"rendered":"https:\/\/mosaicomsa.com\/produtos\/pe-sofa-inoxidavel-prata-321-232014-mm\/"},"modified":"2022-09-26T09:57:06","modified_gmt":"2022-09-26T09:57:06","slug":"pe-sofa-inoxidavel-prata-321-232014-mm","status":"publish","type":"product","link":"https:\/\/mosaicomsa.com\/es\/producto\/pe-sofa-inoxidavel-prata-321-232014-mm\/","title":{"rendered":"PIE, SOF\u00c1, INOXIDABLE, PLATA, 32*1.2*320*14 MM"},"content":{"rendered":"<p>P\u00c9, SOF\u00c1, INOXID\u00c1VEL, PRATA, 32*1.2*320*14 MM<\/p>","protected":false},"excerpt":{"rendered":"<p>P\u00c9, SOF\u00c1, INOXID\u00c1VEL, PRATA, 32*1.2*320*14 MM<\/p>","protected":false},"featured_media":16743,"comment_status":"open","ping_status":"closed","template":"","meta":{"nf_dc_page":"","inline_featured_image":false},"product_cat":[129,164],"product_tag":[],"class_list":{"0":"post-17897","1":"product","2":"type-product","3":"status-publish","4":"has-post-thumbnail","6":"product_cat-acessorios","7":"product_cat-patas-pes","9":"first","10":"instock","11":"shipping-taxable","12":"product-type-simple"},"_links":{"self":[{"href":"https:\/\/mosaicomsa.com\/es\/wp-json\/wp\/v2\/product\/17897","targetHints":{"allow":["GET"]}}],"collection":[{"href":"https:\/\/mosaicomsa.com\/es\/wp-json\/wp\/v2\/product"}],"about":[{"href":"https:\/\/mosaicomsa.com\/es\/wp-json\/wp\/v2\/types\/product"}],"replies":[{"embeddable":true,"href":"https:\/\/mosaicomsa.com\/es\/wp-json\/wp\/v2\/comments?post=17897"}],"version-history":[{"count":0,"href":"https:\/\/mosaicomsa.com\/es\/wp-json\/wp\/v2\/product\/17897\/revisions"}],"wp:featuredmedia":[{"embeddable":true,"href":"https:\/\/mosaicomsa.com\/es\/wp-json\/wp\/v2\/media\/16743"}],"wp:attachment":[{"href":"https:\/\/mosaicomsa.com\/es\/wp-json\/wp\/v2\/media?parent=17897"}],"wp:term":[{"taxonomy":"product_cat","embeddable":true,"href":"https:\/\/mosaicomsa.com\/es\/wp-json\/wp\/v2\/product_cat?post=17897"},{"taxonomy":"product_tag","embeddable":true,"href":"https:\/\/mosaicomsa.com\/es\/wp-json\/wp\/v2\/product_tag?post=17897"}],"curies":[{"name":"wp","href":"https:\/\/api.w.org\/{rel}","templated":true}]}}