{"id":18111,"date":"2022-09-23T11:46:35","date_gmt":"2022-09-23T11:46:35","guid":{"rendered":"https:\/\/mosaicomsa.com\/produtos\/roda-guia-diametro-20\/"},"modified":"2022-09-23T11:46:35","modified_gmt":"2022-09-23T11:46:35","slug":"roda-guia-diametro-20","status":"publish","type":"product","link":"https:\/\/mosaicomsa.com\/es\/producto\/roda-guia-diametro-20\/","title":{"rendered":"DI\u00c1METRO RUEDA GU\u00cdA 20"},"content":{"rendered":"<p>DI\u00c1METRO RUEDA GU\u00cdA 20<\/p>","protected":false},"excerpt":{"rendered":"<p>DI\u00c1METRO RUEDA GU\u00cdA 20<\/p>","protected":false},"featured_media":16312,"comment_status":"open","ping_status":"closed","template":"","meta":{"nf_dc_page":"","inline_featured_image":false},"product_cat":[129,144,168],"product_tag":[],"class_list":{"0":"post-18111","1":"product","2":"type-product","3":"status-publish","4":"has-post-thumbnail","6":"product_cat-acessorios","7":"product_cat-mecanismos-de-movimento","8":"product_cat-rodas","10":"first","11":"instock","12":"shipping-taxable","13":"product-type-simple"},"_links":{"self":[{"href":"https:\/\/mosaicomsa.com\/es\/wp-json\/wp\/v2\/product\/18111","targetHints":{"allow":["GET"]}}],"collection":[{"href":"https:\/\/mosaicomsa.com\/es\/wp-json\/wp\/v2\/product"}],"about":[{"href":"https:\/\/mosaicomsa.com\/es\/wp-json\/wp\/v2\/types\/product"}],"replies":[{"embeddable":true,"href":"https:\/\/mosaicomsa.com\/es\/wp-json\/wp\/v2\/comments?post=18111"}],"version-history":[{"count":0,"href":"https:\/\/mosaicomsa.com\/es\/wp-json\/wp\/v2\/product\/18111\/revisions"}],"wp:featuredmedia":[{"embeddable":true,"href":"https:\/\/mosaicomsa.com\/es\/wp-json\/wp\/v2\/media\/16312"}],"wp:attachment":[{"href":"https:\/\/mosaicomsa.com\/es\/wp-json\/wp\/v2\/media?parent=18111"}],"wp:term":[{"taxonomy":"product_cat","embeddable":true,"href":"https:\/\/mosaicomsa.com\/es\/wp-json\/wp\/v2\/product_cat?post=18111"},{"taxonomy":"product_tag","embeddable":true,"href":"https:\/\/mosaicomsa.com\/es\/wp-json\/wp\/v2\/product_tag?post=18111"}],"curies":[{"name":"wp","href":"https:\/\/api.w.org\/{rel}","templated":true}]}}