{"id":18202,"date":"2022-09-23T11:48:02","date_gmt":"2022-09-23T11:48:02","guid":{"rendered":"https:\/\/mosaicomsa.com\/produtos\/mecanismo-de-inclinacao-para-sofa-retorno\/"},"modified":"2022-09-23T11:48:02","modified_gmt":"2022-09-23T11:48:02","slug":"mecanismo-de-inclinacao-para-sofa-retorno","status":"publish","type":"product","link":"https:\/\/mosaicomsa.com\/es\/producto\/mecanismo-de-inclinacao-para-sofa-retorno\/","title":{"rendered":"MECANISMO DE INCLINACI\u00d3N PARA SOF\u00c1, RETORNO"},"content":{"rendered":"<p>MECANISMO DE INCLINACI\u00d3N PARA SOF\u00c1, RETORNO<\/p>","protected":false},"excerpt":{"rendered":"<p>MECANISMO DE INCLINACI\u00d3N PARA SOF\u00c1, RETORNO<\/p>","protected":false},"featured_media":16748,"comment_status":"open","ping_status":"closed","template":"","meta":{"nf_dc_page":"","inline_featured_image":false},"product_cat":[129,173,155],"product_tag":[],"class_list":{"0":"post-18202","1":"product","2":"type-product","3":"status-publish","4":"has-post-thumbnail","6":"product_cat-acessorios","7":"product_cat-sofa-cama-sofa-cama","8":"product_cat-sofa-cama","10":"first","11":"instock","12":"shipping-taxable","13":"product-type-simple"},"_links":{"self":[{"href":"https:\/\/mosaicomsa.com\/es\/wp-json\/wp\/v2\/product\/18202","targetHints":{"allow":["GET"]}}],"collection":[{"href":"https:\/\/mosaicomsa.com\/es\/wp-json\/wp\/v2\/product"}],"about":[{"href":"https:\/\/mosaicomsa.com\/es\/wp-json\/wp\/v2\/types\/product"}],"replies":[{"embeddable":true,"href":"https:\/\/mosaicomsa.com\/es\/wp-json\/wp\/v2\/comments?post=18202"}],"version-history":[{"count":0,"href":"https:\/\/mosaicomsa.com\/es\/wp-json\/wp\/v2\/product\/18202\/revisions"}],"wp:featuredmedia":[{"embeddable":true,"href":"https:\/\/mosaicomsa.com\/es\/wp-json\/wp\/v2\/media\/16748"}],"wp:attachment":[{"href":"https:\/\/mosaicomsa.com\/es\/wp-json\/wp\/v2\/media?parent=18202"}],"wp:term":[{"taxonomy":"product_cat","embeddable":true,"href":"https:\/\/mosaicomsa.com\/es\/wp-json\/wp\/v2\/product_cat?post=18202"},{"taxonomy":"product_tag","embeddable":true,"href":"https:\/\/mosaicomsa.com\/es\/wp-json\/wp\/v2\/product_tag?post=18202"}],"curies":[{"name":"wp","href":"https:\/\/api.w.org\/{rel}","templated":true}]}}