{"id":19126,"date":"2022-10-19T13:51:02","date_gmt":"2022-10-19T13:51:02","guid":{"rendered":"https:\/\/mosaicomsa.com\/?post_type=product&#038;p=19126"},"modified":"2025-10-14T16:40:39","modified_gmt":"2025-10-14T16:40:39","slug":"moldura-de-consola-aco-inoxidavel-dourada-1600400mm-h-690","status":"publish","type":"product","link":"https:\/\/mosaicomsa.com\/es\/producto\/moldura-de-consola-aco-inoxidavel-dourada-1600400mm-h-690\/","title":{"rendered":"MARCO DE CONSOLA, ACERO INOXIDABLE"},"content":{"rendered":"<p>MARCO DE CONSOLA, ACERO INOXIDABLE, 1600MM*400MM, H- 690MM<\/p>\n<p>DISPONIBLE EN ORO Y PLATA<\/p>","protected":false},"excerpt":{"rendered":"<p>MOLDURA DE CONSOLA, A\u00c7O INOXID\u00c1VEL, 1600MM*400MM, H- 690MM DISPON\u00cdVEL COR DOURADO E PRATA<\/p>","protected":false},"featured_media":19124,"comment_status":"open","ping_status":"closed","template":"","meta":{"nf_dc_page":"","inline_featured_image":false},"product_cat":[129,135,138],"product_tag":[],"class_list":{"0":"post-19126","1":"product","2":"type-product","3":"status-publish","4":"has-post-thumbnail","6":"product_cat-acessorios","7":"product_cat-bases","8":"product_cat-bases-para-mesa","10":"first","11":"instock","12":"shipping-taxable","13":"product-type-variable"},"_links":{"self":[{"href":"https:\/\/mosaicomsa.com\/es\/wp-json\/wp\/v2\/product\/19126","targetHints":{"allow":["GET"]}}],"collection":[{"href":"https:\/\/mosaicomsa.com\/es\/wp-json\/wp\/v2\/product"}],"about":[{"href":"https:\/\/mosaicomsa.com\/es\/wp-json\/wp\/v2\/types\/product"}],"replies":[{"embeddable":true,"href":"https:\/\/mosaicomsa.com\/es\/wp-json\/wp\/v2\/comments?post=19126"}],"version-history":[{"count":4,"href":"https:\/\/mosaicomsa.com\/es\/wp-json\/wp\/v2\/product\/19126\/revisions"}],"predecessor-version":[{"id":23984,"href":"https:\/\/mosaicomsa.com\/es\/wp-json\/wp\/v2\/product\/19126\/revisions\/23984"}],"wp:featuredmedia":[{"embeddable":true,"href":"https:\/\/mosaicomsa.com\/es\/wp-json\/wp\/v2\/media\/19124"}],"wp:attachment":[{"href":"https:\/\/mosaicomsa.com\/es\/wp-json\/wp\/v2\/media?parent=19126"}],"wp:term":[{"taxonomy":"product_cat","embeddable":true,"href":"https:\/\/mosaicomsa.com\/es\/wp-json\/wp\/v2\/product_cat?post=19126"},{"taxonomy":"product_tag","embeddable":true,"href":"https:\/\/mosaicomsa.com\/es\/wp-json\/wp\/v2\/product_tag?post=19126"}],"curies":[{"name":"wp","href":"https:\/\/api.w.org\/{rel}","templated":true}]}}