{"id":19132,"date":"2022-10-19T13:52:41","date_gmt":"2022-10-19T13:52:41","guid":{"rendered":"https:\/\/mosaicomsa.com\/?post_type=product&#038;p=19132"},"modified":"2025-10-15T11:16:49","modified_gmt":"2025-10-15T11:16:49","slug":"moldura-de-mesa-aco-inoxidavel-dourada1500900mmpes-h-690","status":"publish","type":"product","link":"https:\/\/mosaicomsa.com\/es\/producto\/moldura-de-mesa-aco-inoxidavel-dourada1500900mmpes-h-690\/","title":{"rendered":"MARCO DE MESA, ACERO INOXIDABLE, EN ORO Y PLATA"},"content":{"rendered":"<p>BASTIDOR DE MESA, ACERO INOXIDABLE<\/p>\n<p>ORO: T092C-2: 1500MM*900MM, PIES H- 690MM \/ T092B-2: 1800MM*900MM, PIES H- 690MM \/ T092A-2: 2000MM*100MM, PIES H- 690MM<\/p>\n<p>PLATA: T092C-1: 1500MM*900MM, PIES H- 690MM \/ T092B-1: 1800MM*900MM, PIES H- 690MM \/ T092A-1: 2000MM*100MM, PIES H- 690MM<\/p>","protected":false},"excerpt":{"rendered":"<p>MOLDURA DE MESA, A\u00c7O INOXID\u00c1VEL DOURADO: T092C-2: 1500MM*900MM, P\u00c9S H- 690MM \/ T092B-2: 1800MM*900MM, P\u00c9S H- 690MM \/ T092A-2: 2000MM*100MM, P\u00c9S H- 690MM PRATA: T092C-1: 1500MM*900MM, P\u00c9S H- 690MM \/ T092B-1: 1800MM*900MM, P\u00c9S H- 690MM \/ T092A-1: 2000MM*100MM, P\u00c9S H- 690MM<\/p>","protected":false},"featured_media":19017,"comment_status":"open","ping_status":"closed","template":"","meta":{"nf_dc_page":"","inline_featured_image":false},"product_cat":[129,135,138],"product_tag":[],"class_list":{"0":"post-19132","1":"product","2":"type-product","3":"status-publish","4":"has-post-thumbnail","6":"product_cat-acessorios","7":"product_cat-bases","8":"product_cat-bases-para-mesa","10":"first","11":"instock","12":"shipping-taxable","13":"product-type-variable"},"_links":{"self":[{"href":"https:\/\/mosaicomsa.com\/es\/wp-json\/wp\/v2\/product\/19132","targetHints":{"allow":["GET"]}}],"collection":[{"href":"https:\/\/mosaicomsa.com\/es\/wp-json\/wp\/v2\/product"}],"about":[{"href":"https:\/\/mosaicomsa.com\/es\/wp-json\/wp\/v2\/types\/product"}],"replies":[{"embeddable":true,"href":"https:\/\/mosaicomsa.com\/es\/wp-json\/wp\/v2\/comments?post=19132"}],"version-history":[{"count":4,"href":"https:\/\/mosaicomsa.com\/es\/wp-json\/wp\/v2\/product\/19132\/revisions"}],"predecessor-version":[{"id":23982,"href":"https:\/\/mosaicomsa.com\/es\/wp-json\/wp\/v2\/product\/19132\/revisions\/23982"}],"wp:featuredmedia":[{"embeddable":true,"href":"https:\/\/mosaicomsa.com\/es\/wp-json\/wp\/v2\/media\/19017"}],"wp:attachment":[{"href":"https:\/\/mosaicomsa.com\/es\/wp-json\/wp\/v2\/media?parent=19132"}],"wp:term":[{"taxonomy":"product_cat","embeddable":true,"href":"https:\/\/mosaicomsa.com\/es\/wp-json\/wp\/v2\/product_cat?post=19132"},{"taxonomy":"product_tag","embeddable":true,"href":"https:\/\/mosaicomsa.com\/es\/wp-json\/wp\/v2\/product_tag?post=19132"}],"curies":[{"name":"wp","href":"https:\/\/api.w.org\/{rel}","templated":true}]}}