{"id":19148,"date":"2022-10-19T13:56:46","date_gmt":"2022-10-19T13:56:46","guid":{"rendered":"https:\/\/mosaicomsa.com\/?post_type=product&#038;p=19148"},"modified":"2025-10-15T11:19:47","modified_gmt":"2025-10-15T11:19:47","slug":"moldura-de-mesa","status":"publish","type":"product","link":"https:\/\/mosaicomsa.com\/es\/producto\/moldura-de-mesa\/","title":{"rendered":"ESTRUCTURA DE MESA DE CENTRO, ACERO INOXIDABLE, 1300MM*700MM, PIES H- 370MM"},"content":{"rendered":"<p>MARCO DE MESA CENTRAL, ACERO INOXIDABLE, 1300MM*700MM, PIES H- 370MM<\/p>\n<p>DISPONIBLE EN ORO Y PLATA<\/p>","protected":false},"excerpt":{"rendered":"<p>MOLDURA DE MESA CENTRAL, A\u00c7O INOXID\u00c1VEL, 1300MM*700MM, P\u00c9S H- 370MM DISPON\u00cdVEL NA COR DOURADO E PRATA<\/p>","protected":false},"featured_media":19065,"comment_status":"open","ping_status":"closed","template":"","meta":{"nf_dc_page":"","inline_featured_image":false},"product_cat":[129,135,138],"product_tag":[],"class_list":{"0":"post-19148","1":"product","2":"type-product","3":"status-publish","4":"has-post-thumbnail","6":"product_cat-acessorios","7":"product_cat-bases","8":"product_cat-bases-para-mesa","10":"first","11":"instock","12":"shipping-taxable","13":"product-type-variable"},"_links":{"self":[{"href":"https:\/\/mosaicomsa.com\/es\/wp-json\/wp\/v2\/product\/19148","targetHints":{"allow":["GET"]}}],"collection":[{"href":"https:\/\/mosaicomsa.com\/es\/wp-json\/wp\/v2\/product"}],"about":[{"href":"https:\/\/mosaicomsa.com\/es\/wp-json\/wp\/v2\/types\/product"}],"replies":[{"embeddable":true,"href":"https:\/\/mosaicomsa.com\/es\/wp-json\/wp\/v2\/comments?post=19148"}],"version-history":[{"count":2,"href":"https:\/\/mosaicomsa.com\/es\/wp-json\/wp\/v2\/product\/19148\/revisions"}],"predecessor-version":[{"id":22454,"href":"https:\/\/mosaicomsa.com\/es\/wp-json\/wp\/v2\/product\/19148\/revisions\/22454"}],"wp:featuredmedia":[{"embeddable":true,"href":"https:\/\/mosaicomsa.com\/es\/wp-json\/wp\/v2\/media\/19065"}],"wp:attachment":[{"href":"https:\/\/mosaicomsa.com\/es\/wp-json\/wp\/v2\/media?parent=19148"}],"wp:term":[{"taxonomy":"product_cat","embeddable":true,"href":"https:\/\/mosaicomsa.com\/es\/wp-json\/wp\/v2\/product_cat?post=19148"},{"taxonomy":"product_tag","embeddable":true,"href":"https:\/\/mosaicomsa.com\/es\/wp-json\/wp\/v2\/product_tag?post=19148"}],"curies":[{"name":"wp","href":"https:\/\/api.w.org\/{rel}","templated":true}]}}