{"id":19340,"date":"2022-10-27T11:26:04","date_gmt":"2022-10-27T11:26:04","guid":{"rendered":"https:\/\/mosaicomsa.com\/?post_type=product&#038;p=19340"},"modified":"2023-05-03T15:14:34","modified_gmt":"2023-05-03T15:14:34","slug":"pe-de-sofa-traz-aco-inoxidavel-dourada-6045165h","status":"publish","type":"product","link":"https:\/\/mosaicomsa.com\/es\/producto\/pe-de-sofa-traz-aco-inoxidavel-dourada-6045165h\/","title":{"rendered":"PIE DE SOF\u00c1 (RESPALDO) ACERO INOXIDABLE 6*4.5*16.5CM H"},"content":{"rendered":"<p>P\u00c9 DE SOF\u00c1 (TR\u00c1S) A\u00c7O INOXID\u00c1VEL\u00a0 6*4,5*16,5CM H<\/p>","protected":false},"excerpt":{"rendered":"<p>P\u00c9 DE SOF\u00c1 (TR\u00c1S) A\u00c7O INOXID\u00c1VEL\u00a0 6*4,5*16,5CM H<\/p>","protected":false},"featured_media":19300,"comment_status":"open","ping_status":"closed","template":"","meta":{"nf_dc_page":"","inline_featured_image":false},"product_cat":[129,164],"product_tag":[],"class_list":{"0":"post-19340","1":"product","2":"type-product","3":"status-publish","4":"has-post-thumbnail","6":"product_cat-acessorios","7":"product_cat-patas-pes","9":"first","10":"instock","11":"shipping-taxable","12":"purchasable","13":"product-type-variable"},"_links":{"self":[{"href":"https:\/\/mosaicomsa.com\/es\/wp-json\/wp\/v2\/product\/19340","targetHints":{"allow":["GET"]}}],"collection":[{"href":"https:\/\/mosaicomsa.com\/es\/wp-json\/wp\/v2\/product"}],"about":[{"href":"https:\/\/mosaicomsa.com\/es\/wp-json\/wp\/v2\/types\/product"}],"replies":[{"embeddable":true,"href":"https:\/\/mosaicomsa.com\/es\/wp-json\/wp\/v2\/comments?post=19340"}],"version-history":[{"count":3,"href":"https:\/\/mosaicomsa.com\/es\/wp-json\/wp\/v2\/product\/19340\/revisions"}],"predecessor-version":[{"id":22735,"href":"https:\/\/mosaicomsa.com\/es\/wp-json\/wp\/v2\/product\/19340\/revisions\/22735"}],"wp:featuredmedia":[{"embeddable":true,"href":"https:\/\/mosaicomsa.com\/es\/wp-json\/wp\/v2\/media\/19300"}],"wp:attachment":[{"href":"https:\/\/mosaicomsa.com\/es\/wp-json\/wp\/v2\/media?parent=19340"}],"wp:term":[{"taxonomy":"product_cat","embeddable":true,"href":"https:\/\/mosaicomsa.com\/es\/wp-json\/wp\/v2\/product_cat?post=19340"},{"taxonomy":"product_tag","embeddable":true,"href":"https:\/\/mosaicomsa.com\/es\/wp-json\/wp\/v2\/product_tag?post=19340"}],"curies":[{"name":"wp","href":"https:\/\/api.w.org\/{rel}","templated":true}]}}