{"id":19342,"date":"2022-10-27T11:28:51","date_gmt":"2022-10-27T11:28:51","guid":{"rendered":"https:\/\/mosaicomsa.com\/?post_type=product&#038;p=19342"},"modified":"2023-05-03T15:34:40","modified_gmt":"2023-05-03T15:34:40","slug":"pe-de-sofa-frente-aco-inoxidavel-prata-165h","status":"publish","type":"product","link":"https:\/\/mosaicomsa.com\/es\/producto\/pe-de-sofa-frente-aco-inoxidavel-prata-165h\/","title":{"rendered":"PIE DE SOF\u00c1 (DELANTERO) ACERO INOXIDABLE, 16,5 CM H"},"content":{"rendered":"<p>P\u00c9 DE SOF\u00c1 (FRENTE) A\u00c7O INOXID\u00c1VEL 16,5CM H<\/p>","protected":false},"excerpt":{"rendered":"<p>P\u00c9 DE SOF\u00c1 (FRENTE) A\u00c7O INOXID\u00c1VEL 16,5CM H<\/p>","protected":false},"featured_media":19309,"comment_status":"open","ping_status":"closed","template":"","meta":{"nf_dc_page":"","inline_featured_image":false},"product_cat":[129,164],"product_tag":[],"class_list":{"0":"post-19342","1":"product","2":"type-product","3":"status-publish","4":"has-post-thumbnail","6":"product_cat-acessorios","7":"product_cat-patas-pes","9":"first","10":"instock","11":"shipping-taxable","12":"purchasable","13":"product-type-variable"},"_links":{"self":[{"href":"https:\/\/mosaicomsa.com\/es\/wp-json\/wp\/v2\/product\/19342","targetHints":{"allow":["GET"]}}],"collection":[{"href":"https:\/\/mosaicomsa.com\/es\/wp-json\/wp\/v2\/product"}],"about":[{"href":"https:\/\/mosaicomsa.com\/es\/wp-json\/wp\/v2\/types\/product"}],"replies":[{"embeddable":true,"href":"https:\/\/mosaicomsa.com\/es\/wp-json\/wp\/v2\/comments?post=19342"}],"version-history":[{"count":2,"href":"https:\/\/mosaicomsa.com\/es\/wp-json\/wp\/v2\/product\/19342\/revisions"}],"predecessor-version":[{"id":22740,"href":"https:\/\/mosaicomsa.com\/es\/wp-json\/wp\/v2\/product\/19342\/revisions\/22740"}],"wp:featuredmedia":[{"embeddable":true,"href":"https:\/\/mosaicomsa.com\/es\/wp-json\/wp\/v2\/media\/19309"}],"wp:attachment":[{"href":"https:\/\/mosaicomsa.com\/es\/wp-json\/wp\/v2\/media?parent=19342"}],"wp:term":[{"taxonomy":"product_cat","embeddable":true,"href":"https:\/\/mosaicomsa.com\/es\/wp-json\/wp\/v2\/product_cat?post=19342"},{"taxonomy":"product_tag","embeddable":true,"href":"https:\/\/mosaicomsa.com\/es\/wp-json\/wp\/v2\/product_tag?post=19342"}],"curies":[{"name":"wp","href":"https:\/\/api.w.org\/{rel}","templated":true}]}}