{"id":21731,"date":"2023-03-25T17:31:02","date_gmt":"2023-03-25T17:31:02","guid":{"rendered":"https:\/\/mosaicomsa.com\/?post_type=product&#038;p=21731"},"modified":"2023-03-25T17:31:02","modified_gmt":"2023-03-25T17:31:02","slug":"led-driver-connecting-line-12v-36w","status":"publish","type":"product","link":"https:\/\/mosaicomsa.com\/es\/producto\/led-driver-connecting-line-12v-36w\/","title":{"rendered":"L\u00cdNEA DE CONEXI\u00d3N DE DRIVER LED 12V, 36W"},"content":{"rendered":"<p>L\u00cdNEA DE CONEXI\u00d3N DE DRIVER LED 12V, 36W<\/p>","protected":false},"excerpt":{"rendered":"<p>L\u00cdNEA DE CONEXI\u00d3N DE DRIVER LED 12V, 36W<\/p>","protected":false},"featured_media":21732,"comment_status":"open","ping_status":"closed","template":"","meta":{"nf_dc_page":"","inline_featured_image":false},"product_cat":[129,172],"product_tag":[],"class_list":{"0":"post-21731","1":"product","2":"type-product","3":"status-publish","4":"has-post-thumbnail","6":"product_cat-acessorios","7":"product_cat-sistema-de-iluminacao","9":"first","10":"instock","11":"shipping-taxable","12":"product-type-simple"},"_links":{"self":[{"href":"https:\/\/mosaicomsa.com\/es\/wp-json\/wp\/v2\/product\/21731","targetHints":{"allow":["GET"]}}],"collection":[{"href":"https:\/\/mosaicomsa.com\/es\/wp-json\/wp\/v2\/product"}],"about":[{"href":"https:\/\/mosaicomsa.com\/es\/wp-json\/wp\/v2\/types\/product"}],"replies":[{"embeddable":true,"href":"https:\/\/mosaicomsa.com\/es\/wp-json\/wp\/v2\/comments?post=21731"}],"version-history":[{"count":1,"href":"https:\/\/mosaicomsa.com\/es\/wp-json\/wp\/v2\/product\/21731\/revisions"}],"predecessor-version":[{"id":21733,"href":"https:\/\/mosaicomsa.com\/es\/wp-json\/wp\/v2\/product\/21731\/revisions\/21733"}],"wp:featuredmedia":[{"embeddable":true,"href":"https:\/\/mosaicomsa.com\/es\/wp-json\/wp\/v2\/media\/21732"}],"wp:attachment":[{"href":"https:\/\/mosaicomsa.com\/es\/wp-json\/wp\/v2\/media?parent=21731"}],"wp:term":[{"taxonomy":"product_cat","embeddable":true,"href":"https:\/\/mosaicomsa.com\/es\/wp-json\/wp\/v2\/product_cat?post=21731"},{"taxonomy":"product_tag","embeddable":true,"href":"https:\/\/mosaicomsa.com\/es\/wp-json\/wp\/v2\/product_tag?post=21731"}],"curies":[{"name":"wp","href":"https:\/\/api.w.org\/{rel}","templated":true}]}}